{"id":629,"date":"2022-11-13T23:00:44","date_gmt":"2022-11-13T22:00:44","guid":{"rendered":"https:\/\/hcck.fr\/?page_id=629"},"modified":"2022-11-13T23:00:44","modified_gmt":"2022-11-13T22:00:44","slug":"presentation","status":"publish","type":"page","link":"https:\/\/hcck.fr\/index.php\/presentation\/","title":{"rendered":"Pr\u00e9sentation"},"content":{"rendered":"\n<p><\/p>\n\n\n<div class=\"wp-block-image\">\n<figure class=\"aligncenter\"><img loading=\"lazy\" width=\"300\" height=\"291\" src=\"http:\/\/hcck.fr\/wp-content\/uploads\/2020\/04\/LOGO-HCCK-RVB-300x291.jpg\" alt=\"\" class=\"wp-image-20\" srcset=\"https:\/\/hcck.fr\/wp-content\/uploads\/2020\/04\/LOGO-HCCK-RVB-300x291.jpg 300w, https:\/\/hcck.fr\/wp-content\/uploads\/2020\/04\/LOGO-HCCK-RVB-768x745.jpg 768w, https:\/\/hcck.fr\/wp-content\/uploads\/2020\/04\/LOGO-HCCK-RVB-1024x994.jpg 1024w, https:\/\/hcck.fr\/wp-content\/uploads\/2020\/04\/LOGO-HCCK-RVB.jpg 1181w\" sizes=\"(max-width: 300px) 100vw, 300px\" \/><\/figure><\/div>\n\n\n<p>HEROUVILLE CAEN CANO\u00cb KAYAK est une association de loi 1901 fond\u00e9e en 1970.<\/p>\n\n\n\n<p>Le HCCK a pour objet : de promouvoir, d\u2019enseigner, d\u2019organiser, et de g\u00e9rer la pratique du cano\u00eb et du kayak \u00e0 Caen et \u00e0 H\u00e9rouville-Saint-Clair :<\/p>\n\n\n\n<p>Elle propose plus de 7 activit\u00e9s permettant des pratiques diff\u00e9rentes :<\/p>\n\n\n\n<p>\u2013 Sports de comp\u00e9tition,<br>\u2013 Sports de loisir,<br>\u2013 Ecole de pagaie,<br>\u2013 Prestations encadr\u00e9es,<br>\u2013 Activit\u00e9 sur ordonnance,<br>\u2013 Formation sur trois milieux distincts : eau calme, eau vive et mer.<\/p>\n\n\n\n<p>2 bases d\u2019activit\u00e9s :<\/p>\n\n\n\n<p><a href=\"https:\/\/www.google.com\/maps\/place\/H\u00e9rouville+Caen+Cano\u00eb+Kayak\/@49.1823322,-0.3520114,15z\/data=!4m5!3m4!1s0x0:0x885d0a2c4f1e9680!8m2!3d49.1823322!4d-0.3520114\" target=\"_blank\" rel=\"noreferrer noopener\">\u2013 Base nautique de Caen<\/a> pour la pratique des adh\u00e9rents<br>(4 Quai Fran\u00e7ois Mitterrand, 14000 Caen)<\/p>\n\n\n\n<p>\u2013 <a href=\"https:\/\/www.google.com\/maps\/place\/Base+Nautique+Municipale+(Centre+de+Loisir+Nautique)\/@49.2127735,-0.3114775,18z\/data=!4m12!1m6!3m5!1s0x480a67c57c5bf5e5:0x589a0585c94fd2ac!2sDomaine+de+Beauregard!8m2!3d49.2141746!4d-0.3121327!3m4!1s0x480a67c57c5bf5e5:0x549399d0b64d59ef!8m2!3d49.2130597!4d-0.3118557\" target=\"_blank\" rel=\"noreferrer noopener\">Base nautique de Beauregard \u00e0 H\u00e9rouville-Saint-Clair<\/a> pour la pratique d\u00e9couverte aupr\u00e8s des \u00e9coles et centres de loisirs<br>(site de Beauregard, 14200 H\u00e9rouville-Saint-Clair)<\/p>\n","protected":false},"excerpt":{"rendered":"<p>HEROUVILLE CAEN CANO\u00cb KAYAK est une association de loi 1901 fond\u00e9e en 1970. Le HCCK a pour objet : de promouvoir, d\u2019enseigner, d\u2019organiser, et de g\u00e9rer la pratique du cano\u00eb &hellip; <\/p>\n<p class=\"link-more\"><a href=\"https:\/\/hcck.fr\/index.php\/presentation\/\" class=\"more-link\">Continuer la lecture<span class=\"screen-reader-text\"> de &laquo;&nbsp;Pr\u00e9sentation&nbsp;&raquo;<\/span><\/a><\/p>\n","protected":false},"author":3,"featured_media":0,"parent":0,"menu_order":0,"comment_status":"closed","ping_status":"closed","template":"","meta":[],"_links":{"self":[{"href":"https:\/\/hcck.fr\/index.php\/wp-json\/wp\/v2\/pages\/629"}],"collection":[{"href":"https:\/\/hcck.fr\/index.php\/wp-json\/wp\/v2\/pages"}],"about":[{"href":"https:\/\/hcck.fr\/index.php\/wp-json\/wp\/v2\/types\/page"}],"author":[{"embeddable":true,"href":"https:\/\/hcck.fr\/index.php\/wp-json\/wp\/v2\/users\/3"}],"replies":[{"embeddable":true,"href":"https:\/\/hcck.fr\/index.php\/wp-json\/wp\/v2\/comments?post=629"}],"version-history":[{"count":1,"href":"https:\/\/hcck.fr\/index.php\/wp-json\/wp\/v2\/pages\/629\/revisions"}],"predecessor-version":[{"id":630,"href":"https:\/\/hcck.fr\/index.php\/wp-json\/wp\/v2\/pages\/629\/revisions\/630"}],"wp:attachment":[{"href":"https:\/\/hcck.fr\/index.php\/wp-json\/wp\/v2\/media?parent=629"}],"curies":[{"name":"wp","href":"https:\/\/api.w.org\/{rel}","templated":true}]}}