{"id":402,"date":"2020-04-24T17:57:12","date_gmt":"2020-04-24T15:57:12","guid":{"rendered":"https:\/\/hcck.fr\/?page_id=402"},"modified":"2022-11-13T22:36:35","modified_gmt":"2022-11-13T21:36:35","slug":"activites-club","status":"publish","type":"page","link":"https:\/\/hcck.fr\/index.php\/activites-club\/","title":{"rendered":"Activit\u00e9s Club"},"content":{"rendered":"\n<div class=\"wp-block-media-text alignwide is-stacked-on-mobile\"><figure class=\"wp-block-media-text__media\"><img loading=\"lazy\" width=\"960\" height=\"600\" src=\"https:\/\/hcck.fr\/wp-content\/uploads\/2020\/04\/Club-kayak.jpg\" alt=\"\" class=\"wp-image-84 size-full\" srcset=\"https:\/\/hcck.fr\/wp-content\/uploads\/2020\/04\/Club-kayak.jpg 960w, https:\/\/hcck.fr\/wp-content\/uploads\/2020\/04\/Club-kayak-300x188.jpg 300w, https:\/\/hcck.fr\/wp-content\/uploads\/2020\/04\/Club-kayak-768x480.jpg 768w\" sizes=\"(max-width: 706px) 89vw, (max-width: 767px) 82vw, 740px\" \/><\/figure><div class=\"wp-block-media-text__content\">\n<p>Le HCCK vous propose diff\u00e9rents groupes pour une pratique du kayak  adapt\u00e9e aux envies de chacun ! <\/p>\n\n\n\n<p class=\"has-text-align-left\">&#8211; <a href=\"https:\/\/hcck.fr\/index.php\/loisir-jeunes\/\">Loisir Jeunes<\/a><br>&#8211; <a href=\"https:\/\/hcck.fr\/index.php\/sport-etude\/\">Sport Etude<\/a><br>&#8211; <a href=\"https:\/\/hcck.fr\/index.php\/competition\/\">Comp\u00e9tition<\/a><br>&#8211; <a href=\"https:\/\/hcck.fr\/index.php\/loisir-adultes\/\">Loisir Adultes<\/a><\/p>\n<\/div><\/div>\n","protected":false},"excerpt":{"rendered":"<p>Le HCCK vous propose diff\u00e9rents groupes pour une pratique du kayak adapt\u00e9e aux envies de chacun ! &#8211; Loisir Jeunes&#8211; Sport Etude&#8211; Comp\u00e9tition&#8211; Loisir Adultes<\/p>\n","protected":false},"author":3,"featured_media":0,"parent":0,"menu_order":0,"comment_status":"closed","ping_status":"closed","template":"","meta":[],"_links":{"self":[{"href":"https:\/\/hcck.fr\/index.php\/wp-json\/wp\/v2\/pages\/402"}],"collection":[{"href":"https:\/\/hcck.fr\/index.php\/wp-json\/wp\/v2\/pages"}],"about":[{"href":"https:\/\/hcck.fr\/index.php\/wp-json\/wp\/v2\/types\/page"}],"author":[{"embeddable":true,"href":"https:\/\/hcck.fr\/index.php\/wp-json\/wp\/v2\/users\/3"}],"replies":[{"embeddable":true,"href":"https:\/\/hcck.fr\/index.php\/wp-json\/wp\/v2\/comments?post=402"}],"version-history":[{"count":11,"href":"https:\/\/hcck.fr\/index.php\/wp-json\/wp\/v2\/pages\/402\/revisions"}],"predecessor-version":[{"id":623,"href":"https:\/\/hcck.fr\/index.php\/wp-json\/wp\/v2\/pages\/402\/revisions\/623"}],"wp:attachment":[{"href":"https:\/\/hcck.fr\/index.php\/wp-json\/wp\/v2\/media?parent=402"}],"curies":[{"name":"wp","href":"https:\/\/api.w.org\/{rel}","templated":true}]}}