{"id":347,"date":"2020-04-24T08:28:24","date_gmt":"2020-04-24T06:28:24","guid":{"rendered":"https:\/\/hcck.fr\/?page_id=347"},"modified":"2020-04-27T20:21:43","modified_gmt":"2020-04-27T18:21:43","slug":"seminaire-entreprise","status":"publish","type":"page","link":"https:\/\/hcck.fr\/index.php\/seminaire-entreprise\/","title":{"rendered":"S\u00e9minaire Entreprise"},"content":{"rendered":"\n<div class=\"wp-block-image\"><figure class=\"aligncenter size-large is-resized\"><img loading=\"lazy\" src=\"https:\/\/hcck.fr\/wp-content\/uploads\/2020\/04\/crowd-2457730_1920-1024x339.png\" alt=\"\" class=\"wp-image-369\" width=\"419\" height=\"139\" srcset=\"https:\/\/hcck.fr\/wp-content\/uploads\/2020\/04\/crowd-2457730_1920-1024x339.png 1024w, https:\/\/hcck.fr\/wp-content\/uploads\/2020\/04\/crowd-2457730_1920-300x99.png 300w, https:\/\/hcck.fr\/wp-content\/uploads\/2020\/04\/crowd-2457730_1920-768x255.png 768w, https:\/\/hcck.fr\/wp-content\/uploads\/2020\/04\/crowd-2457730_1920-1536x509.png 1536w, https:\/\/hcck.fr\/wp-content\/uploads\/2020\/04\/crowd-2457730_1920.png 1907w\" sizes=\"(max-width: 419px) 100vw, 419px\" \/><\/figure><\/div>\n\n\n\n<p><strong>Public : <\/strong>Entreprises<br><strong>Dur\u00e9e : <\/strong>3 heures<br><strong>P\u00e9riode :<\/strong> Toute l&#8217;ann\u00e9e<br><strong>Tarifs :<\/strong>  20 \u20ac \/ participant<\/p>\n\n\n\n<p>Ce d\u00e9fi multi-sport est l&#8217;activit\u00e9 id\u00e9ale pour une journ\u00e9e avec vos adh\u00e9rents !&nbsp; Un moment convivial, sportif et ludique vous attend !<\/p>\n\n\n\n<p><strong>Le concept :<\/strong><\/p>\n\n\n\n<p>Des activit\u00e9s sportives 100% nature conduiront les participants \u00e0 relever des d\u00e9fis en VTT, course d&#8217;orientation, kayak et tir \u00e0 l&#8217;arc&#8230;<\/p>\n\n\n\n<p>Les activit\u00e9s propos\u00e9es ne demandent aucune connaissance technique (hormis savoir nager)<\/p>\n\n\n\n<figure class=\"wp-block-image size-large\"><img loading=\"lazy\" width=\"1024\" height=\"768\" src=\"https:\/\/hcck.fr\/wp-content\/uploads\/2020\/04\/Journ\u00e9e-int\u00e9gration-1024x768.jpeg\" alt=\"\" class=\"wp-image-351\" srcset=\"https:\/\/hcck.fr\/wp-content\/uploads\/2020\/04\/Journ\u00e9e-int\u00e9gration-1024x768.jpeg 1024w, https:\/\/hcck.fr\/wp-content\/uploads\/2020\/04\/Journ\u00e9e-int\u00e9gration-300x225.jpeg 300w, https:\/\/hcck.fr\/wp-content\/uploads\/2020\/04\/Journ\u00e9e-int\u00e9gration-768x576.jpeg 768w, https:\/\/hcck.fr\/wp-content\/uploads\/2020\/04\/Journ\u00e9e-int\u00e9gration-1536x1152.jpeg 1536w, https:\/\/hcck.fr\/wp-content\/uploads\/2020\/04\/Journ\u00e9e-int\u00e9gration-2048x1536.jpeg 2048w\" sizes=\"(max-width: 706px) 89vw, (max-width: 767px) 82vw, 740px\" \/><\/figure>\n","protected":false},"excerpt":{"rendered":"<p>Public : EntreprisesDur\u00e9e : 3 heuresP\u00e9riode : Toute l&#8217;ann\u00e9eTarifs : 20 \u20ac \/ participant Ce d\u00e9fi multi-sport est l&#8217;activit\u00e9 id\u00e9ale pour une journ\u00e9e avec vos adh\u00e9rents !&nbsp; Un moment convivial, &hellip; <\/p>\n<p class=\"link-more\"><a href=\"https:\/\/hcck.fr\/index.php\/seminaire-entreprise\/\" class=\"more-link\">Continuer la lecture<span class=\"screen-reader-text\"> de &laquo;&nbsp;S\u00e9minaire Entreprise&nbsp;&raquo;<\/span><\/a><\/p>\n","protected":false},"author":3,"featured_media":0,"parent":0,"menu_order":0,"comment_status":"closed","ping_status":"closed","template":"","meta":[],"_links":{"self":[{"href":"https:\/\/hcck.fr\/index.php\/wp-json\/wp\/v2\/pages\/347"}],"collection":[{"href":"https:\/\/hcck.fr\/index.php\/wp-json\/wp\/v2\/pages"}],"about":[{"href":"https:\/\/hcck.fr\/index.php\/wp-json\/wp\/v2\/types\/page"}],"author":[{"embeddable":true,"href":"https:\/\/hcck.fr\/index.php\/wp-json\/wp\/v2\/users\/3"}],"replies":[{"embeddable":true,"href":"https:\/\/hcck.fr\/index.php\/wp-json\/wp\/v2\/comments?post=347"}],"version-history":[{"count":6,"href":"https:\/\/hcck.fr\/index.php\/wp-json\/wp\/v2\/pages\/347\/revisions"}],"predecessor-version":[{"id":431,"href":"https:\/\/hcck.fr\/index.php\/wp-json\/wp\/v2\/pages\/347\/revisions\/431"}],"wp:attachment":[{"href":"https:\/\/hcck.fr\/index.php\/wp-json\/wp\/v2\/media?parent=347"}],"curies":[{"name":"wp","href":"https:\/\/api.w.org\/{rel}","templated":true}]}}