{"id":345,"date":"2020-04-24T08:27:53","date_gmt":"2020-04-24T06:27:53","guid":{"rendered":"https:\/\/hcck.fr\/?page_id=345"},"modified":"2020-04-24T08:27:54","modified_gmt":"2020-04-24T06:27:54","slug":"enterrement-de-vie-de-celibataire","status":"publish","type":"page","link":"https:\/\/hcck.fr\/index.php\/enterrement-de-vie-de-celibataire\/","title":{"rendered":"Enterrement de vie de c\u00e9libataire"},"content":{"rendered":"\n<figure class=\"wp-block-image size-large is-resized\"><img loading=\"lazy\" src=\"https:\/\/hcck.fr\/wp-content\/uploads\/2020\/04\/banner-2556006_1280-1024x516.png\" alt=\"\" class=\"wp-image-363\" width=\"487\" height=\"245\" srcset=\"https:\/\/hcck.fr\/wp-content\/uploads\/2020\/04\/banner-2556006_1280-1024x516.png 1024w, https:\/\/hcck.fr\/wp-content\/uploads\/2020\/04\/banner-2556006_1280-300x151.png 300w, https:\/\/hcck.fr\/wp-content\/uploads\/2020\/04\/banner-2556006_1280-768x387.png 768w, https:\/\/hcck.fr\/wp-content\/uploads\/2020\/04\/banner-2556006_1280.png 1280w\" sizes=\"(max-width: 487px) 100vw, 487px\" \/><\/figure>\n\n\n\n<p><strong>P\u00e9riode :<\/strong> Toute l&#8217;ann\u00e9e<br><strong>Dur\u00e9e : <\/strong>3 heures<br><strong>Tarif :<\/strong> 18 \u20ac \/ personne&nbsp;<\/p>\n\n\n\n<p>Un moment convivial, sportif et ludique attend les participants !<\/p>\n\n\n\n<p><strong>Le concept :<\/strong><\/p>\n\n\n\n<p>Des activit\u00e9s sportives 100% nature conduiront les participants \u00e0 relever des d\u00e9fis en VTT, course d&#8217;orientation, kayak et tir \u00e0 l&#8217;arc&#8230;Ce d\u00e9fi multi-sport est l&#8217;activit\u00e9 id\u00e9ale pour un EDVC r\u00e9ussi !&nbsp;<\/p>\n\n\n\n<p>Les challenges permettront de d\u00e9velopper l&#8217;esprit d&#8217;\u00e9quipe et la dynamique de groupe. <\/p>\n\n\n\n<p>Les activit\u00e9s propos\u00e9es ne demandent aucune connaissance technique (hormis savoir nager)<\/p>\n\n\n\n<p>Possibilit\u00e9 de pique-niquer et de r\u00e9aliser des activit\u00e9s en autonomie en dehors du d\u00e9fi (Aire de jeux, plage am\u00e9nag\u00e9e, parcours de sant\u00e9 et de randonn\u00e9e)<\/p>\n\n\n\n<figure class=\"wp-container-2 wp-block-gallery-1 wp-block-gallery columns-1 is-cropped\"><ul class=\"blocks-gallery-grid\"><li class=\"blocks-gallery-item\"><figure><img loading=\"lazy\" width=\"835\" height=\"444\" src=\"https:\/\/hcck.fr\/wp-content\/uploads\/2020\/04\/EDVC-kayak.png\" alt=\"\" data-id=\"365\" data-full-url=\"https:\/\/hcck.fr\/wp-content\/uploads\/2020\/04\/EDVC-kayak.png\" data-link=\"https:\/\/hcck.fr\/?attachment_id=365\" class=\"wp-image-365\" srcset=\"https:\/\/hcck.fr\/wp-content\/uploads\/2020\/04\/EDVC-kayak.png 835w, https:\/\/hcck.fr\/wp-content\/uploads\/2020\/04\/EDVC-kayak-300x160.png 300w, https:\/\/hcck.fr\/wp-content\/uploads\/2020\/04\/EDVC-kayak-768x408.png 768w\" sizes=\"(max-width: 706px) 89vw, (max-width: 767px) 82vw, 740px\" \/><\/figure><\/li><\/ul><\/figure>\n","protected":false},"excerpt":{"rendered":"<p>P\u00e9riode : Toute l&#8217;ann\u00e9eDur\u00e9e : 3 heuresTarif : 18 \u20ac \/ personne&nbsp; Un moment convivial, sportif et ludique attend les participants ! Le concept : Des activit\u00e9s sportives 100% nature &hellip; <\/p>\n<p class=\"link-more\"><a href=\"https:\/\/hcck.fr\/index.php\/enterrement-de-vie-de-celibataire\/\" class=\"more-link\">Continuer la lecture<span class=\"screen-reader-text\"> de &laquo;&nbsp;Enterrement de vie de c\u00e9libataire&nbsp;&raquo;<\/span><\/a><\/p>\n","protected":false},"author":3,"featured_media":0,"parent":0,"menu_order":0,"comment_status":"closed","ping_status":"closed","template":"","meta":[],"_links":{"self":[{"href":"https:\/\/hcck.fr\/index.php\/wp-json\/wp\/v2\/pages\/345"}],"collection":[{"href":"https:\/\/hcck.fr\/index.php\/wp-json\/wp\/v2\/pages"}],"about":[{"href":"https:\/\/hcck.fr\/index.php\/wp-json\/wp\/v2\/types\/page"}],"author":[{"embeddable":true,"href":"https:\/\/hcck.fr\/index.php\/wp-json\/wp\/v2\/users\/3"}],"replies":[{"embeddable":true,"href":"https:\/\/hcck.fr\/index.php\/wp-json\/wp\/v2\/comments?post=345"}],"version-history":[{"count":3,"href":"https:\/\/hcck.fr\/index.php\/wp-json\/wp\/v2\/pages\/345\/revisions"}],"predecessor-version":[{"id":366,"href":"https:\/\/hcck.fr\/index.php\/wp-json\/wp\/v2\/pages\/345\/revisions\/366"}],"wp:attachment":[{"href":"https:\/\/hcck.fr\/index.php\/wp-json\/wp\/v2\/media?parent=345"}],"curies":[{"name":"wp","href":"https:\/\/api.w.org\/{rel}","templated":true}]}}