{"id":342,"date":"2020-04-24T08:29:11","date_gmt":"2020-04-24T06:29:11","guid":{"rendered":"https:\/\/hcck.fr\/?page_id=342"},"modified":"2020-04-27T20:21:26","modified_gmt":"2020-04-27T18:21:26","slug":"journee-dintegration","status":"publish","type":"page","link":"https:\/\/hcck.fr\/index.php\/journee-dintegration\/","title":{"rendered":"Journ\u00e9e d&#8217;int\u00e9gration"},"content":{"rendered":"\n<div class=\"wp-block-image\"><figure class=\"aligncenter size-large is-resized\"><img loading=\"lazy\" src=\"https:\/\/hcck.fr\/wp-content\/uploads\/2020\/04\/group-2351896_1280-1024x1024.png\" alt=\"\" class=\"wp-image-367\" width=\"256\" height=\"256\" srcset=\"https:\/\/hcck.fr\/wp-content\/uploads\/2020\/04\/group-2351896_1280-1024x1024.png 1024w, https:\/\/hcck.fr\/wp-content\/uploads\/2020\/04\/group-2351896_1280-300x300.png 300w, https:\/\/hcck.fr\/wp-content\/uploads\/2020\/04\/group-2351896_1280-150x150.png 150w, https:\/\/hcck.fr\/wp-content\/uploads\/2020\/04\/group-2351896_1280-768x768.png 768w, https:\/\/hcck.fr\/wp-content\/uploads\/2020\/04\/group-2351896_1280-100x100.png 100w, https:\/\/hcck.fr\/wp-content\/uploads\/2020\/04\/group-2351896_1280.png 1280w\" sizes=\"(max-width: 256px) 100vw, 256px\" \/><\/figure><\/div>\n\n\n\n<p><strong>Public :<\/strong> Ecoles, Coll\u00e8ges, Lyc\u00e9es, Centres de formation,&#8230;<br><strong>Dur\u00e9e : <\/strong>3 heures<br><strong>P\u00e9riode : <\/strong>Toute l&#8217;ann\u00e9e dans le cadre de s\u00e9minaires, journ\u00e9e d&#8217;int\u00e9gration, &#8230;<br><strong>Tarifs : <\/strong>14 \u20ac \/ personne<\/p>\n\n\n\n<p><strong>Le concept :<\/strong><\/p>\n\n\n\n<p>Des activit\u00e9s sportives 100% nature conduiront les \u00e9l\u00e8ves \u00e0 relever des d\u00e9fis en VTT, course d&#8217;orientation, kayak et tir \u00e0 l&#8217;arc&#8230; Ce d\u00e9fi multi-sport est l&#8217;activit\u00e9 id\u00e9ale pour une journ\u00e9e de coh\u00e9sion r\u00e9ussie !&nbsp;<\/p>\n\n\n\n<p>Les challenges permettront de d\u00e9velopper l&#8217;esprit d&#8217;\u00e9quipe et la dynamique de groupe<br>Un moment convivial, sportif et ludique vous attends<\/p>\n\n\n\n<p>Les activit\u00e9s propos\u00e9es ne demandent aucune connaissance technique (hormis savoir nager)<\/p>\n\n\n\n<figure class=\"wp-block-image size-large\"><img loading=\"lazy\" width=\"1024\" height=\"768\" src=\"https:\/\/hcck.fr\/wp-content\/uploads\/2020\/04\/D\u00e9fi-associatif-1024x768.jpeg\" alt=\"\" class=\"wp-image-350\" srcset=\"https:\/\/hcck.fr\/wp-content\/uploads\/2020\/04\/D\u00e9fi-associatif-1024x768.jpeg 1024w, https:\/\/hcck.fr\/wp-content\/uploads\/2020\/04\/D\u00e9fi-associatif-300x225.jpeg 300w, https:\/\/hcck.fr\/wp-content\/uploads\/2020\/04\/D\u00e9fi-associatif-768x576.jpeg 768w, https:\/\/hcck.fr\/wp-content\/uploads\/2020\/04\/D\u00e9fi-associatif-1536x1152.jpeg 1536w, https:\/\/hcck.fr\/wp-content\/uploads\/2020\/04\/D\u00e9fi-associatif-2048x1536.jpeg 2048w\" sizes=\"(max-width: 706px) 89vw, (max-width: 767px) 82vw, 740px\" \/><\/figure>\n\n\n\n<p><\/p>\n","protected":false},"excerpt":{"rendered":"<p>Public : Ecoles, Coll\u00e8ges, Lyc\u00e9es, Centres de formation,&#8230;Dur\u00e9e : 3 heuresP\u00e9riode : Toute l&#8217;ann\u00e9e dans le cadre de s\u00e9minaires, journ\u00e9e d&#8217;int\u00e9gration, &#8230;Tarifs : 14 \u20ac \/ personne Le concept : &hellip; <\/p>\n<p class=\"link-more\"><a href=\"https:\/\/hcck.fr\/index.php\/journee-dintegration\/\" class=\"more-link\">Continuer la lecture<span class=\"screen-reader-text\"> de &laquo;&nbsp;Journ\u00e9e d&#8217;int\u00e9gration&nbsp;&raquo;<\/span><\/a><\/p>\n","protected":false},"author":3,"featured_media":0,"parent":0,"menu_order":0,"comment_status":"closed","ping_status":"closed","template":"","meta":[],"_links":{"self":[{"href":"https:\/\/hcck.fr\/index.php\/wp-json\/wp\/v2\/pages\/342"}],"collection":[{"href":"https:\/\/hcck.fr\/index.php\/wp-json\/wp\/v2\/pages"}],"about":[{"href":"https:\/\/hcck.fr\/index.php\/wp-json\/wp\/v2\/types\/page"}],"author":[{"embeddable":true,"href":"https:\/\/hcck.fr\/index.php\/wp-json\/wp\/v2\/users\/3"}],"replies":[{"embeddable":true,"href":"https:\/\/hcck.fr\/index.php\/wp-json\/wp\/v2\/comments?post=342"}],"version-history":[{"count":9,"href":"https:\/\/hcck.fr\/index.php\/wp-json\/wp\/v2\/pages\/342\/revisions"}],"predecessor-version":[{"id":430,"href":"https:\/\/hcck.fr\/index.php\/wp-json\/wp\/v2\/pages\/342\/revisions\/430"}],"wp:attachment":[{"href":"https:\/\/hcck.fr\/index.php\/wp-json\/wp\/v2\/media?parent=342"}],"curies":[{"name":"wp","href":"https:\/\/api.w.org\/{rel}","templated":true}]}}