{"id":318,"date":"2020-04-19T12:07:12","date_gmt":"2020-04-19T10:07:12","guid":{"rendered":"https:\/\/hcck.fr\/?page_id=318"},"modified":"2022-07-03T23:58:51","modified_gmt":"2022-07-03T21:58:51","slug":"activites-sport-nature","status":"publish","type":"page","link":"https:\/\/hcck.fr\/index.php\/activites-sport-nature\/","title":{"rendered":"Activit\u00e9s Sport Nature"},"content":{"rendered":"\n<figure class=\"wp-block-image size-full\"><img loading=\"lazy\" width=\"434\" height=\"238\" src=\"https:\/\/hcck.fr\/wp-content\/uploads\/2022\/07\/Capture-de\u0301cran-2022-07-03-a\u0300-23.55.37-1.png\" alt=\"\" class=\"wp-image-578\" srcset=\"https:\/\/hcck.fr\/wp-content\/uploads\/2022\/07\/Capture-de\u0301cran-2022-07-03-a\u0300-23.55.37-1.png 434w, https:\/\/hcck.fr\/wp-content\/uploads\/2022\/07\/Capture-de\u0301cran-2022-07-03-a\u0300-23.55.37-1-300x165.png 300w\" sizes=\"(max-width: 434px) 100vw, 434px\" \/><\/figure>\n\n\n\n<figure class=\"wp-block-image size-large\"><img loading=\"lazy\" width=\"1024\" height=\"393\" src=\"https:\/\/hcck.fr\/wp-content\/uploads\/2020\/04\/Capture-d\u2019\u00e9cran-2020-04-19-\u00e0-11.58.38-1024x393.png\" alt=\"\" class=\"wp-image-326\" srcset=\"https:\/\/hcck.fr\/wp-content\/uploads\/2020\/04\/Capture-d\u2019\u00e9cran-2020-04-19-\u00e0-11.58.38-1024x393.png 1024w, https:\/\/hcck.fr\/wp-content\/uploads\/2020\/04\/Capture-d\u2019\u00e9cran-2020-04-19-\u00e0-11.58.38-300x115.png 300w, https:\/\/hcck.fr\/wp-content\/uploads\/2020\/04\/Capture-d\u2019\u00e9cran-2020-04-19-\u00e0-11.58.38-768x294.png 768w, https:\/\/hcck.fr\/wp-content\/uploads\/2020\/04\/Capture-d\u2019\u00e9cran-2020-04-19-\u00e0-11.58.38-1536x589.png 1536w, https:\/\/hcck.fr\/wp-content\/uploads\/2020\/04\/Capture-d\u2019\u00e9cran-2020-04-19-\u00e0-11.58.38.png 2014w\" sizes=\"(max-width: 706px) 89vw, (max-width: 767px) 82vw, 740px\" \/><\/figure>\n\n\n\n<p>Au c\u0153ur de la Normandie, le HCCK vous accueille sur le Domaine de Beauregard \u00e0 H\u00e9rouville Saint-Clair. Situ\u00e9 sur les bords du Canal de Caen la Mer, ce domaine de 23 hectares offre un espace 100% nature, ferm\u00e9 et s\u00e9curis\u00e9 pour la pratique des<br>sports et loisirs pour tous.<\/p>\n\n\n\n<p>Notre \u00e9ducateur Sport Nature sera ravi de vous accueillir tout au long de l&#8217;ann\u00e9e  : <br>&#8211; A la demi-journ\u00e9e<br>&#8211; A la journ\u00e9e<br>&#8211; Ou en s\u00e9jour avec h\u00e9bergement (40 places disponibles dans l\u2019annexe du ch\u00e2teau de Beauregard et 40 autres places disponibles sur l\u2019aire naturelle de camping du Point Accueil Jeune)<\/p>\n\n\n\n<p>ACTIVITES PROPOSEES : <\/p>\n\n\n\n<figure class=\"wp-block-image size-large\"><img loading=\"lazy\" width=\"678\" height=\"725\" src=\"https:\/\/hcck.fr\/wp-content\/uploads\/2020\/05\/image.png\" alt=\"\" class=\"wp-image-443\" srcset=\"https:\/\/hcck.fr\/wp-content\/uploads\/2020\/05\/image.png 678w, https:\/\/hcck.fr\/wp-content\/uploads\/2020\/05\/image-281x300.png 281w\" sizes=\"(max-width: 678px) 100vw, 678px\" \/><\/figure>\n\n\n\n<p>Nous pouvons coupl\u00e9ter nos offres avec de l&#8217;accrobranche et\/ou du Paintball avec notre partenaire et voisin &#8220;Beauregard Aventure&#8221;<\/p>\n\n\n\n<p><br>LES PUBLICS<\/p>\n\n\n\n<p>&#8211; Centres de loisirs<\/p>\n\n\n\n<p>&#8211; S\u00e9minaire d&#8217;entreprise<\/p>\n\n\n\n<p>&#8211; Team Building<\/p>\n\n\n\n<p>&#8211; Mon anniversaire sportif<\/p>\n\n\n\n<p>&#8211; Moment convivial d&#8217;une Association<\/p>\n\n\n\n<p>&#8211; Journ\u00e9e d&#8217;int\u00e9gration<\/p>\n\n\n\n<p>&#8211; Enterrement vie de c\u00e9libataire<\/p>\n\n\n\n<p><\/p>\n\n\n\n<p>DEUX FORMULES :<br><br>&#8211; <strong>Formule &#8221; D\u00e9couverte \/Initiation&#8221;<\/strong> sous forme de s\u00e9ance adapt\u00e9e \u00e0 chaque tranche d&#8217;\u00e2ge<br>&#8211; <strong>Formule &#8221; Cycle&#8221;<\/strong> \u00e0 la semaine avec un projet p\u00e9dagogique permettant la progression constante des enfants<\/p>\n\n\n\n<p>Lien vers  : <a rel=\"noreferrer noopener\" href=\"http:\/\/www.beauregard-aventure.com\/beauregard-sports-nature\/\" target=\"_blank\">B<\/a><a rel=\"noreferrer noopener\" href=\"https:\/\/beauregardsportsnature.com\/\" target=\"_blank\">eauregar<\/a><a href=\"https:\/\/beauregardsportsnature.com\/#section-22-6\" target=\"_blank\" rel=\"noreferrer noopener\">d Sport Nature<\/a>  <\/p>\n\n\n\n<figure class=\"wp-block-image size-large\"><img loading=\"lazy\" width=\"1024\" height=\"351\" src=\"https:\/\/hcck.fr\/wp-content\/uploads\/2020\/04\/Capture-d\u2019\u00e9cran-2020-04-22-\u00e0-14.17.34-1024x351.png\" alt=\"\" class=\"wp-image-353\" srcset=\"https:\/\/hcck.fr\/wp-content\/uploads\/2020\/04\/Capture-d\u2019\u00e9cran-2020-04-22-\u00e0-14.17.34-1024x351.png 1024w, https:\/\/hcck.fr\/wp-content\/uploads\/2020\/04\/Capture-d\u2019\u00e9cran-2020-04-22-\u00e0-14.17.34-300x103.png 300w, https:\/\/hcck.fr\/wp-content\/uploads\/2020\/04\/Capture-d\u2019\u00e9cran-2020-04-22-\u00e0-14.17.34-768x263.png 768w, https:\/\/hcck.fr\/wp-content\/uploads\/2020\/04\/Capture-d\u2019\u00e9cran-2020-04-22-\u00e0-14.17.34.png 1168w\" sizes=\"(max-width: 706px) 89vw, (max-width: 767px) 82vw, 740px\" \/><\/figure>\n","protected":false},"excerpt":{"rendered":"<p>Au c\u0153ur de la Normandie, le HCCK vous accueille sur le Domaine de Beauregard \u00e0 H\u00e9rouville Saint-Clair. Situ\u00e9 sur les bords du Canal de Caen la Mer, ce domaine de &hellip; <\/p>\n<p class=\"link-more\"><a href=\"https:\/\/hcck.fr\/index.php\/activites-sport-nature\/\" class=\"more-link\">Continuer la lecture<span class=\"screen-reader-text\"> de &laquo;&nbsp;Activit\u00e9s Sport Nature&nbsp;&raquo;<\/span><\/a><\/p>\n","protected":false},"author":3,"featured_media":0,"parent":0,"menu_order":0,"comment_status":"closed","ping_status":"closed","template":"","meta":[],"_links":{"self":[{"href":"https:\/\/hcck.fr\/index.php\/wp-json\/wp\/v2\/pages\/318"}],"collection":[{"href":"https:\/\/hcck.fr\/index.php\/wp-json\/wp\/v2\/pages"}],"about":[{"href":"https:\/\/hcck.fr\/index.php\/wp-json\/wp\/v2\/types\/page"}],"author":[{"embeddable":true,"href":"https:\/\/hcck.fr\/index.php\/wp-json\/wp\/v2\/users\/3"}],"replies":[{"embeddable":true,"href":"https:\/\/hcck.fr\/index.php\/wp-json\/wp\/v2\/comments?post=318"}],"version-history":[{"count":9,"href":"https:\/\/hcck.fr\/index.php\/wp-json\/wp\/v2\/pages\/318\/revisions"}],"predecessor-version":[{"id":579,"href":"https:\/\/hcck.fr\/index.php\/wp-json\/wp\/v2\/pages\/318\/revisions\/579"}],"wp:attachment":[{"href":"https:\/\/hcck.fr\/index.php\/wp-json\/wp\/v2\/media?parent=318"}],"curies":[{"name":"wp","href":"https:\/\/api.w.org\/{rel}","templated":true}]}}